{"id":1055,"date":"2019-11-22T13:51:06","date_gmt":"2019-11-22T16:51:06","guid":{"rendered":"http:\/\/profetico.info\/estudosbiblicos\/?page_id=1055"},"modified":"2022-09-13T00:29:32","modified_gmt":"2022-09-13T03:29:32","slug":"nova-teologia","status":"publish","type":"page","link":"https:\/\/profetico.info\/escolabiblica\/pt\/nova-teologia\/","title":{"rendered":"Teologia Essencial"},"content":{"rendered":"\n<p>O Cristianismo do ponto de vista teol\u00f3gico tem sido um campo de batalha ao longo de seus 2.000 anos. A sua teologia passou por v\u00e1rios est\u00e1gios, reflexos de cada momento hist\u00f3rico. Al\u00e9m destes est\u00e1gios &#8211; que iremos conhecer numa breve apresenta\u00e7\u00e3o &#8211; tamb\u00e9m tem-se diversificado para todas as dire\u00e7\u00f5es, principalmente ap\u00f3s a reforma, resultando num leque de conceitos, desde aqueles mais ortodoxos \u00e0queles que est\u00e3o \u00e2 merc\u00ea de uma subjetividade p\u00f3s-moderna. Muitas teologias sitem\u00e1ticas surgiram nos \u00faltimos s\u00e9culos na tentativa de organizar as doutrinas crist\u00e3s. Cada uma, a seu modo, contribuiu valorosamente para o conhecimento teol\u00f3gico contempor\u00e2neo. Contudo, o dogmatismo denominacional tem criado linhas divis\u00f3rias entre estas teologias, criando um campo de debate saturado pelos intensos confrontos &#8220;teoideol\u00f3gicos&#8221;. Por isso, talvez o desenvolvimento do cristinismo tenha se deparado com uma nova barreira.     <\/p>\n\n\n\n<p>Diante disso, propomos uma &#8220;nova teologia&#8221;, uma Teologia Essencial, pautada numa estrutura piramidal  de import\u00e2ncia para a salva\u00e7\u00e3o do homem (o grande objetivo divino). Esta nova teologia, que tamb\u00e9m pode ser imaginada numa perspectiva circular, tem em seu disco central, ou a parte mais alta da pir\u00e2mide, aquelas doutrinas fundamentais para a salva\u00e7\u00e3o e pode ser denominada de Teologia B\u00edblica. No segundo anel, ou o intervalo entre a base e o pico da pir\u00e2mide, um conjunto de ensinos b\u00edblicos cuja presen\u00e7a ou aus\u00eancia de seu entendimento n\u00e3o afetaria de maneira direta e dr\u00e1stica a entrada do crist\u00e3o ao reino de Deus e pode ser nomeada como Teologia Interpretativa. O terceiro aro, ou a base da pir\u00e2mide, \u00e9 uma cole\u00e7\u00e3o de conhecimento de n\u00edvel de interfer\u00eancia muito baixo ao processo salv\u00edfico, se \u00e9 que, por acaso, tenha realmente alguma participa\u00e7\u00e3o. Chamamos este n\u00edvel de Teologia Hist\u00f3rica, ou Tradicional. Esta estrutura estabelece import\u00e2ncia e valor que podem ser compreendidos numa rela\u00e7\u00e3o designada como salva\u00e7\u00e3o\/n\u00e3o salva\u00e7\u00e3o. Ou seja, doutrinas que s\u00e3o valorizadas como essenciais em oposi\u00e7\u00e3o \u00e0quelas que pouca, ou nenhuma, eficiencia possuem para a salva\u00e7\u00e3o do homem.              <\/p>\n\n\n\n<p>Estas teologias podem assim ser definidas: <\/p>\n\n\n\n<p>TEOLOGIA B\u00cdBLICA<\/p>\n\n\n\n<p>Teologia B\u00edblica, que tamb\u00e9m pode ser chamada de Teologia Fundamental, \u00e9 a defini\u00e7\u00e3o apropriada para os temas indispens\u00e1veis \u00e0 salva\u00e7\u00e3o. S\u00e3o assuntos largamente apresentados na B\u00edblia de G\u00eanesis a Apocalipse. Geralmente, identificados em longos textos b\u00edblicos. Exemplos: salva\u00e7\u00e3o pela f\u00e9, gra\u00e7a, pecado, ju\u00edzo, lei etc. Estes s\u00e3o temas que todos os homens devem conhec\u00ea-los muito bem.<\/p>\n\n\n\n<p> TEOLOGIA INTERPRETATIVA <\/p>\n\n\n\n<p> A Teologia Interpretativa \u00e9 um conceito para abarcar os temas b\u00edblicos de dif\u00edcil entendimento. S\u00e3o b\u00edblicos, mas o leitor comum, ou iniciante, ter\u00e1 muitas dificuldades para entend\u00ea-los. Temas que, mesmo possuindo base textual b\u00edblica, carecem de outras fontes de conhecimento do que propriamente a B\u00edblia para serem entendidos. S\u00e3o temas que as pessoas e denomina\u00e7\u00f5es raramente chegar\u00e3o a um consenso. Exemplos: profecias de Daniel e Apocalipse, futuro do homem, restaura\u00e7\u00e3o de Israel entre outros. <\/p>\n\n\n\n<p>TEOLOGIA HIST\u00d3RICA<\/p>\n\n\n\n<p>Este conceito de Teologia Hist\u00f3rica ou Tradicional tem por objetivo abarcar as doutrinas aparentemente b\u00edblicas. S\u00e3o aquelas que foram amplamente discutidas pelos te\u00f3logos ao longo da hist\u00f3ria, sem expectativa de algum consenso. Estes temas doutrin\u00e1rios se apoiam em textos b\u00edblicos escassos e pr\u00f3prios de dupla interpreta\u00e7\u00e3o teol\u00f3gica. S\u00e3o estas doutrinas que respondem pela grande divis\u00e3o religiosa em nossos dias. Por exemplo, a doutrina da trindade, preexist\u00eancia de Cristo, universalismo, inferno, purgat\u00f3rio, entre outros.<br><br>continuar\u00e1&#8230; <\/p>\n\n\n\n<p>_________________________<\/p>\n\n\n\n<p>METODOLOGIAS<\/p>\n\n\n\n<p>A metodologia de pesquisa e an\u00e1lise ser\u00e1 pautada, al\u00e9m do modelo convencional e amplamente aceito, por uma estrutura que sintetiza a an\u00e1lise a afirma\u00e7\u00f5es l\u00f3gicas, de modo a minimizar a possibilidade de duplo entendimento.   <\/p>\n\n\n\n<p><\/p>\n\n\n\n<p>_________________________<\/p>\n\n\n\n<p>DOUTRINAS DA TEOLOGIA HIST\u00d3RICA<\/p>\n\n\n\n<p><\/p>\n\n\n\n<h4 class=\"wp-block-heading\">Introdu\u00e7\u00e3o \u00e0 Cristologia<\/h4>\n\n\n\n<p><a href=\"http:\/\/profetico.info\/estudosbiblicos\/2018\/09\/08\/introducao-ao-estudo-da-preexistencia-de-jesus\/\">Introdu\u00e7\u00e3o ao estudo da preexist\u00eancia<\/a><\/p>\n\n\n\n<h4 class=\"wp-block-heading\">Conceitos hist\u00f3ricos<\/h4>\n\n\n\n<p><a href=\"http:\/\/profetico.info\/estudosbiblicos\/2018\/10\/13\/a-origem-do-conceito-do-logos\/\">A origem do conceito do Logos<\/a>: As religi\u00f5es pag\u00e3s, a imortalidade da alma e as moradas celestiais; O conceito hist\u00f3rico e filos\u00f3fico do logos; Her\u00e1clito; Plat\u00e3o; Filo de Alexandria; Juda\u00edsmo; Estoicismo; Gnosticismo; Cristianismo<\/p>\n\n\n\n<p><a href=\"http:\/\/profetico.info\/estudosbiblicos\/2018\/10\/13\/a-discussao-cristologica-e-a-concepcao-de-jesus-como-o-verbo\/\">A discuss\u00e3o cristol\u00f3gica e a concep\u00e7\u00e3o de Jesus como Verbo<\/a>: Um pouco mais sobre F\u00edlon de Alexandria; Apolog\u00e9tica Judeu\/Alexandrina; F\u00edlon e a nova alian\u00e7a; A concilia\u00e7\u00e3o entre f\u00e9 e raz\u00e3o para F\u00edlon de Alexandria; F\u00edlon de Alexandria; Aproxima\u00e7\u00e3o entre juda\u00edsmo e filosofia grega; F\u00e9 e Raz\u00e3o; Logos de Deus; Antropologia de F\u00edlon; Eixo central da Cristologia; Dois lados de um conflito; Natureza de Cristo; As principais cristologias \u2013&nbsp;Ortodoxa,&nbsp;Monofisita,&nbsp;Ariana; Credos \u2013&nbsp;Apost\u00f3lico,&nbsp;Niceno,&nbsp;Constantinopla<\/p>\n\n\n\n<h4 class=\"wp-block-heading\">Conceitos b\u00edblicos<\/h4>\n\n\n\n<p><a href=\"http:\/\/profetico.info\/estudosbiblicos\/2018\/10\/13\/o-que-e-a-palavra-de-deus-em-joao-1-1\/\">O que \u00e9 a palavra em Jo\u00e3o 1:1?<\/a>: O Logos (a Palavra); Se fez carne; A palavra da vida; Se chama a Palavra de Deus; Jesus n\u00e3o \u00e9 a personifica\u00e7\u00e3o da Palavra de Deus; Ele cres\u00e7a e eu diminua; Deus unig\u00eanito<\/p>\n\n\n\n<p><a href=\"http:\/\/profetico.info\/estudosbiblicos\/2018\/10\/13\/o-tema-central-do-evangelho-de-joao\/\">O tema central do Evangelho de Jo\u00e3o<\/a>: A hermen\u00eautica estrutural\/vertical e horizontal de Jo\u00e3o; Analisando hermeneuticamente o Evangelho de Jo\u00e3o<\/p>\n\n\n\n<p><a href=\"http:\/\/profetico.info\/estudosbiblicos\/2018\/10\/13\/eu-sou-de-cima\/\">Eu sou de cima<\/a><\/p>\n\n\n\n<p><a href=\"http:\/\/profetico.info\/estudosbiblicos\/2019\/01\/09\/antes-de-abraao-eu-sou\/\">Antes de Abra\u00e3o existir Eu sou<\/a>: \u201cDisse-lhes Jesus: Em verdade, em verdade vos digo que antes que Abra\u00e3o existisse, eu sou\u201d; \u201cQuem tens a pretens\u00e3o de ser?\u201d<\/p>\n\n\n\n<p><a href=\"http:\/\/profetico.info\/estudosbiblicos\/2018\/11\/04\/a-gloria-que-tinha-contigo\/\">A gl\u00f3ria que tinha contigo<\/a>: \u201cDoxa\u201d \u00e9 igual \u201cgl\u00f3ria\u201d, que equivale a \u201cfama\u201d; A palavra gl\u00f3ria como louvor aos homens; O sentido da palavra gl\u00f3ria no Antigo Testamento; O sentido da palavra gl\u00f3ria no Novo Testamento; O sentido da palavra gl\u00f3ria na transfigura\u00e7\u00e3o de Jesus; O conceito de gl\u00f3ria no Evangelho de Jo\u00e3o e na carta de Pedro <\/p>\n\n\n\n<p>Forma de Deus: (em elabora\u00e7\u00e3o)<\/p>\n\n\n\n<p><a href=\"http:\/\/profetico.info\/estudosbiblicos\/2018\/10\/13\/jesus-o-criador-do-novo-ceus-e-nova-terra\/\">Jesus o criador do novo c\u00e9us e nova terra<\/a><\/p>\n\n\n\n<p><a href=\"http:\/\/profetico.info\/estudosbiblicos\/2018\/11\/04\/jesus-existiu-antes-de-todas-as-coisas\/\">Jesus existiu antes de todas as coisas?<\/a>: \u201cPrinc\u00edpio\u201d, \u201cprimog\u00eanito\u201d e \u201cantes\u201d; \u201cAntes\u201d da cria\u00e7\u00e3o do mundo<\/p>\n\n\n\n<p><a href=\"http:\/\/profetico.info\/estudosbiblicos\/2018\/11\/04\/jesus-maior-do-que-os-anjos\/\">Jesus maior que os anjos<\/a>: \u201cFeito tanto mais excelente do que os anjos, quanto herdou mais excelente nome do que eles\u201d; \u201c\u2026por quem fez tamb\u00e9m o mundo\u2026\u201d; <strong>\u201c<\/strong>\u2026sustentando todas as coisas pela palavra do seu poder\u2026\u201d, \u201c\u2026\u00d3 Deus, o teu trono subsiste pelos s\u00e9culos dos s\u00e9culos\u2026 [ ] \u2026 por isso Deus, o teu Deus\u2026\u201d; \u201c\u2026E: Tu, Senhor, no princ\u00edpio fundaste a terra, E os c\u00e9us s\u00e3o obras de tuas m\u00e3os\u2026\u201d.<\/p>\n\n\n\n<h4 class=\"wp-block-heading\">A humanidade de Jesus<\/h4>\n\n\n\n<p><a href=\"http:\/\/profetico.info\/estudosbiblicos\/2019\/01\/18\/a-origem-de-jesus\/\">A origem de Jesus<\/a>: A origem de Jesus no Antigo Testamento; Como o Novo Testamento fala sobre a origem de Jesus<\/p>\n\n\n\n<h4 class=\"wp-block-heading\">Perguntas sobre a &#8220;preexist\u00eancia&#8221; de Jesus<\/h4>\n\n\n\n<p><a href=\"http:\/\/profetico.info\/estudosbiblicos\/2019\/01\/11\/muitas-perguntas-importantes-sobre-a-preexistencia-de-jesus-que-nao-tem-resposta\/\">Muitas perguntas importantes sobre a \u201cpreexist\u00eancia\u201d de Jesus sem resposta<\/a><\/p>\n","protected":false},"excerpt":{"rendered":"<p>Esbo\u00e7o de um M\u00e9todo Teol\u00f3gico para as Igrejas de Deus (7\u00ba Dia);<\/p>\n","protected":false},"author":1,"featured_media":0,"parent":0,"menu_order":0,"comment_status":"closed","ping_status":"closed","template":"","meta":{"_uag_custom_page_level_css":"","site-sidebar-layout":"default","site-content-layout":"","ast-site-content-layout":"default","site-content-style":"default","site-sidebar-style":"default","ast-global-header-display":"","ast-banner-title-visibility":"","ast-main-header-display":"","ast-hfb-above-header-display":"","ast-hfb-below-header-display":"","ast-hfb-mobile-header-display":"","site-post-title":"","ast-breadcrumbs-content":"","ast-featured-img":"","footer-sml-layout":"","theme-transparent-header-meta":"","adv-header-id-meta":"","stick-header-meta":"","header-above-stick-meta":"","header-main-stick-meta":"","header-below-stick-meta":"","astra-migrate-meta-layouts":"default","ast-page-background-enabled":"default","ast-page-background-meta":{"desktop":{"background-color":"var(--ast-global-color-4)","background-image":"","background-repeat":"repeat","background-position":"center center","background-size":"auto","background-attachment":"scroll","background-type":"","background-media":"","overlay-type":"","overlay-color":"","overlay-opacity":"","overlay-gradient":""},"tablet":{"background-color":"","background-image":"","background-repeat":"repeat","background-position":"center center","background-size":"auto","background-attachment":"scroll","background-type":"","background-media":"","overlay-type":"","overlay-color":"","overlay-opacity":"","overlay-gradient":""},"mobile":{"background-color":"","background-image":"","background-repeat":"repeat","background-position":"center center","background-size":"auto","background-attachment":"scroll","background-type":"","background-media":"","overlay-type":"","overlay-color":"","overlay-opacity":"","overlay-gradient":""}},"ast-content-background-meta":{"desktop":{"background-color":"var(--ast-global-color-5)","background-image":"","background-repeat":"repeat","background-position":"center center","background-size":"auto","background-attachment":"scroll","background-type":"","background-media":"","overlay-type":"","overlay-color":"","overlay-opacity":"","overlay-gradient":""},"tablet":{"background-color":"var(--ast-global-color-5)","background-image":"","background-repeat":"repeat","background-position":"center center","background-size":"auto","background-attachment":"scroll","background-type":"","background-media":"","overlay-type":"","overlay-color":"","overlay-opacity":"","overlay-gradient":""},"mobile":{"background-color":"var(--ast-global-color-5)","background-image":"","background-repeat":"repeat","background-position":"center center","background-size":"auto","background-attachment":"scroll","background-type":"","background-media":"","overlay-type":"","overlay-color":"","overlay-opacity":"","overlay-gradient":""}},"footnotes":""},"class_list":["post-1055","page","type-page","status-publish","hentry"],"yoast_head":"<!-- This site is optimized with the Yoast SEO plugin v27.4 - https:\/\/yoast.com\/product\/yoast-seo-wordpress\/ -->\n<title>Teologia Essencial - Escola B\u00edblica<\/title>\n<meta name=\"robots\" content=\"index, follow, max-snippet:-1, max-image-preview:large, max-video-preview:-1\" \/>\n<link rel=\"canonical\" href=\"https:\/\/profetico.info\/escolabiblica\/pt\/nova-teologia\/\" \/>\n<meta property=\"og:locale\" content=\"pt_BR\" \/>\n<meta property=\"og:type\" content=\"article\" \/>\n<meta property=\"og:title\" content=\"Teologia Essencial - Escola B\u00edblica\" \/>\n<meta property=\"og:description\" content=\"Esbo\u00e7o de um M\u00e9todo Teol\u00f3gico para as Igrejas de Deus (7\u00ba Dia);\" \/>\n<meta property=\"og:url\" content=\"https:\/\/profetico.info\/escolabiblica\/pt\/nova-teologia\/\" \/>\n<meta property=\"og:site_name\" content=\"Escola B\u00edblica\" \/>\n<meta property=\"article:modified_time\" content=\"2022-09-13T03:29:32+00:00\" \/>\n<meta name=\"twitter:card\" content=\"summary_large_image\" \/>\n<meta name=\"twitter:label1\" content=\"Est. tempo de leitura\" \/>\n\t<meta name=\"twitter:data1\" content=\"6 minutos\" \/>\n<script type=\"application\/ld+json\" class=\"yoast-schema-graph\">{\"@context\":\"https:\\\/\\\/schema.org\",\"@graph\":[{\"@type\":\"WebPage\",\"@id\":\"https:\\\/\\\/profetico.info\\\/escolabiblica\\\/pt\\\/nova-teologia\\\/\",\"url\":\"https:\\\/\\\/profetico.info\\\/escolabiblica\\\/pt\\\/nova-teologia\\\/\",\"name\":\"Teologia Essencial - Escola B\u00edblica\",\"isPartOf\":{\"@id\":\"https:\\\/\\\/profetico.info\\\/escolabiblica\\\/#website\"},\"datePublished\":\"2019-11-22T16:51:06+00:00\",\"dateModified\":\"2022-09-13T03:29:32+00:00\",\"breadcrumb\":{\"@id\":\"https:\\\/\\\/profetico.info\\\/escolabiblica\\\/pt\\\/nova-teologia\\\/#breadcrumb\"},\"inLanguage\":\"pt-BR\",\"potentialAction\":[{\"@type\":\"ReadAction\",\"target\":[\"https:\\\/\\\/profetico.info\\\/escolabiblica\\\/pt\\\/nova-teologia\\\/\"]}]},{\"@type\":\"BreadcrumbList\",\"@id\":\"https:\\\/\\\/profetico.info\\\/escolabiblica\\\/pt\\\/nova-teologia\\\/#breadcrumb\",\"itemListElement\":[{\"@type\":\"ListItem\",\"position\":1,\"name\":\"In\u00edcio\",\"item\":\"https:\\\/\\\/profetico.info\\\/escolabiblica\\\/\"},{\"@type\":\"ListItem\",\"position\":2,\"name\":\"Teologia Essencial\"}]},{\"@type\":\"WebSite\",\"@id\":\"https:\\\/\\\/profetico.info\\\/escolabiblica\\\/#website\",\"url\":\"https:\\\/\\\/profetico.info\\\/escolabiblica\\\/\",\"name\":\"Escola B\u00edblica\",\"description\":\"\",\"potentialAction\":[{\"@type\":\"SearchAction\",\"target\":{\"@type\":\"EntryPoint\",\"urlTemplate\":\"https:\\\/\\\/profetico.info\\\/escolabiblica\\\/?s={search_term_string}\"},\"query-input\":{\"@type\":\"PropertyValueSpecification\",\"valueRequired\":true,\"valueName\":\"search_term_string\"}}],\"inLanguage\":\"pt-BR\"}]}<\/script>\n<!-- \/ Yoast SEO plugin. -->","yoast_head_json":{"title":"Teologia Essencial - Escola B\u00edblica","robots":{"index":"index","follow":"follow","max-snippet":"max-snippet:-1","max-image-preview":"max-image-preview:large","max-video-preview":"max-video-preview:-1"},"canonical":"https:\/\/profetico.info\/escolabiblica\/pt\/nova-teologia\/","og_locale":"pt_BR","og_type":"article","og_title":"Teologia Essencial - Escola B\u00edblica","og_description":"Esbo\u00e7o de um M\u00e9todo Teol\u00f3gico para as Igrejas de Deus (7\u00ba Dia);","og_url":"https:\/\/profetico.info\/escolabiblica\/pt\/nova-teologia\/","og_site_name":"Escola B\u00edblica","article_modified_time":"2022-09-13T03:29:32+00:00","twitter_card":"summary_large_image","twitter_misc":{"Est. tempo de leitura":"6 minutos"},"schema":{"@context":"https:\/\/schema.org","@graph":[{"@type":"WebPage","@id":"https:\/\/profetico.info\/escolabiblica\/pt\/nova-teologia\/","url":"https:\/\/profetico.info\/escolabiblica\/pt\/nova-teologia\/","name":"Teologia Essencial - Escola B\u00edblica","isPartOf":{"@id":"https:\/\/profetico.info\/escolabiblica\/#website"},"datePublished":"2019-11-22T16:51:06+00:00","dateModified":"2022-09-13T03:29:32+00:00","breadcrumb":{"@id":"https:\/\/profetico.info\/escolabiblica\/pt\/nova-teologia\/#breadcrumb"},"inLanguage":"pt-BR","potentialAction":[{"@type":"ReadAction","target":["https:\/\/profetico.info\/escolabiblica\/pt\/nova-teologia\/"]}]},{"@type":"BreadcrumbList","@id":"https:\/\/profetico.info\/escolabiblica\/pt\/nova-teologia\/#breadcrumb","itemListElement":[{"@type":"ListItem","position":1,"name":"In\u00edcio","item":"https:\/\/profetico.info\/escolabiblica\/"},{"@type":"ListItem","position":2,"name":"Teologia Essencial"}]},{"@type":"WebSite","@id":"https:\/\/profetico.info\/escolabiblica\/#website","url":"https:\/\/profetico.info\/escolabiblica\/","name":"Escola B\u00edblica","description":"","potentialAction":[{"@type":"SearchAction","target":{"@type":"EntryPoint","urlTemplate":"https:\/\/profetico.info\/escolabiblica\/?s={search_term_string}"},"query-input":{"@type":"PropertyValueSpecification","valueRequired":true,"valueName":"search_term_string"}}],"inLanguage":"pt-BR"}]}},"uagb_featured_image_src":{"full":false,"thumbnail":false,"medium":false,"medium_large":false,"large":false,"1536x1536":false,"2048x2048":false,"betterdocs-category-thumb":false},"uagb_author_info":{"display_name":"Reda\u00e7\u00e3o","author_link":"https:\/\/profetico.info\/escolabiblica\/author\/edybrilhador\/"},"uagb_comment_info":0,"uagb_excerpt":"Esbo\u00e7o de um M\u00e9todo Teol\u00f3gico para as Igrejas de Deus (7\u00ba Dia);","_links":{"self":[{"href":"https:\/\/profetico.info\/escolabiblica\/wp-json\/wp\/v2\/pages\/1055","targetHints":{"allow":["GET"]}}],"collection":[{"href":"https:\/\/profetico.info\/escolabiblica\/wp-json\/wp\/v2\/pages"}],"about":[{"href":"https:\/\/profetico.info\/escolabiblica\/wp-json\/wp\/v2\/types\/page"}],"author":[{"embeddable":true,"href":"https:\/\/profetico.info\/escolabiblica\/wp-json\/wp\/v2\/users\/1"}],"replies":[{"embeddable":true,"href":"https:\/\/profetico.info\/escolabiblica\/wp-json\/wp\/v2\/comments?post=1055"}],"version-history":[{"count":16,"href":"https:\/\/profetico.info\/escolabiblica\/wp-json\/wp\/v2\/pages\/1055\/revisions"}],"predecessor-version":[{"id":2839,"href":"https:\/\/profetico.info\/escolabiblica\/wp-json\/wp\/v2\/pages\/1055\/revisions\/2839"}],"wp:attachment":[{"href":"https:\/\/profetico.info\/escolabiblica\/wp-json\/wp\/v2\/media?parent=1055"}],"curies":[{"name":"wp","href":"https:\/\/api.w.org\/{rel}","templated":true}]}}